{"id":549,"date":"2022-03-11T00:33:43","date_gmt":"2022-03-11T00:33:43","guid":{"rendered":"http:\/\/deglobe.com.mx\/?page_id=549"},"modified":"2022-03-11T00:47:34","modified_gmt":"2022-03-11T00:47:34","slug":"unidad-deportiva-satelite","status":"publish","type":"page","link":"http:\/\/deglobe.com.mx\/index.php\/unidad-deportiva-satelite\/","title":{"rendered":"Unidad Deportiva Satelite"},"content":{"rendered":"\t\t<div data-elementor-type=\"wp-page\" data-elementor-id=\"549\" class=\"elementor elementor-549\">\n\t\t\t\t\t\t\t\t\t<section class=\"elementor-section elementor-top-section elementor-element elementor-element-629e80c elementor-section-content-middle elementor-section-boxed elementor-section-height-default elementor-section-height-default\" data-id=\"629e80c\" data-element_type=\"section\" data-settings=\"{&quot;background_background&quot;:&quot;classic&quot;}\">\n\t\t\t\t\t\t<div class=\"elementor-container elementor-column-gap-no\">\n\t\t\t\t\t<div class=\"elementor-column elementor-col-100 elementor-top-column elementor-element elementor-element-227a252\" data-id=\"227a252\" data-element_type=\"column\">\n\t\t\t<div class=\"elementor-widget-wrap elementor-element-populated\">\n\t\t\t\t\t\t\t\t<div class=\"elementor-element elementor-element-3bb9e2f elementor-widget elementor-widget-heading\" data-id=\"3bb9e2f\" data-element_type=\"widget\" data-widget_type=\"heading.default\">\n\t\t\t\t<div class=\"elementor-widget-container\">\n\t\t\t<style>\/*! elementor - v3.12.2 - 23-04-2023 *\/\n.elementor-heading-title{padding:0;margin:0;line-height:1}.elementor-widget-heading .elementor-heading-title[class*=elementor-size-]>a{color:inherit;font-size:inherit;line-height:inherit}.elementor-widget-heading .elementor-heading-title.elementor-size-small{font-size:15px}.elementor-widget-heading .elementor-heading-title.elementor-size-medium{font-size:19px}.elementor-widget-heading .elementor-heading-title.elementor-size-large{font-size:29px}.elementor-widget-heading .elementor-heading-title.elementor-size-xl{font-size:39px}.elementor-widget-heading .elementor-heading-title.elementor-size-xxl{font-size:59px}<\/style><h4 class=\"elementor-heading-title elementor-size-medium\">Unidad Deportiva Satelite, Cuernavaca, Morelos<\/h4>\t\t<\/div>\n\t\t\t\t<\/div>\n\t\t\t\t<div class=\"elementor-element elementor-element-c1a2a5b elementor-widget elementor-widget-heading\" data-id=\"c1a2a5b\" data-element_type=\"widget\" data-widget_type=\"heading.default\">\n\t\t\t\t<div class=\"elementor-widget-container\">\n\t\t\t<h5 class=\"elementor-heading-title elementor-size-default\">Rehabilitaci\u00f3n de cancha de f\u00fatbol con pasto sint\u00e9tico<\/h5>\t\t<\/div>\n\t\t\t\t<\/div>\n\t\t\t\t<div class=\"elementor-element elementor-element-19d5b9c gallery-spacing-custom elementor-widget elementor-widget-image-gallery\" data-id=\"19d5b9c\" data-element_type=\"widget\" data-widget_type=\"image-gallery.default\">\n\t\t\t\t<div class=\"elementor-widget-container\">\n\t\t\t<style>\/*! elementor - v3.12.2 - 23-04-2023 *\/\n.elementor-image-gallery .gallery-item{display:inline-block;text-align:center;vertical-align:top;width:100%;max-width:100%;margin:0 auto}.elementor-image-gallery .gallery-item img{margin:0 auto}.elementor-image-gallery .gallery-item .gallery-caption{margin:0}.elementor-image-gallery figure img{display:block}.elementor-image-gallery figure figcaption{width:100%}.gallery-spacing-custom .elementor-image-gallery .gallery-icon{padding:0}@media (min-width:768px){.elementor-image-gallery .gallery-columns-2 .gallery-item{max-width:50%}.elementor-image-gallery .gallery-columns-3 .gallery-item{max-width:33.33%}.elementor-image-gallery .gallery-columns-4 .gallery-item{max-width:25%}.elementor-image-gallery .gallery-columns-5 .gallery-item{max-width:20%}.elementor-image-gallery .gallery-columns-6 .gallery-item{max-width:16.666%}.elementor-image-gallery .gallery-columns-7 .gallery-item{max-width:14.28%}.elementor-image-gallery .gallery-columns-8 .gallery-item{max-width:12.5%}.elementor-image-gallery .gallery-columns-9 .gallery-item{max-width:11.11%}.elementor-image-gallery .gallery-columns-10 .gallery-item{max-width:10%}}@media (min-width:480px) and (max-width:767px){.elementor-image-gallery .gallery.gallery-columns-2 .gallery-item,.elementor-image-gallery .gallery.gallery-columns-3 .gallery-item,.elementor-image-gallery .gallery.gallery-columns-4 .gallery-item,.elementor-image-gallery .gallery.gallery-columns-5 .gallery-item,.elementor-image-gallery .gallery.gallery-columns-6 .gallery-item,.elementor-image-gallery .gallery.gallery-columns-7 .gallery-item,.elementor-image-gallery .gallery.gallery-columns-8 .gallery-item,.elementor-image-gallery .gallery.gallery-columns-9 .gallery-item,.elementor-image-gallery .gallery.gallery-columns-10 .gallery-item{max-width:50%}}@media (max-width:479px){.elementor-image-gallery .gallery.gallery-columns-2 .gallery-item,.elementor-image-gallery .gallery.gallery-columns-3 .gallery-item,.elementor-image-gallery .gallery.gallery-columns-4 .gallery-item,.elementor-image-gallery .gallery.gallery-columns-5 .gallery-item,.elementor-image-gallery .gallery.gallery-columns-6 .gallery-item,.elementor-image-gallery .gallery.gallery-columns-7 .gallery-item,.elementor-image-gallery .gallery.gallery-columns-8 .gallery-item,.elementor-image-gallery .gallery.gallery-columns-9 .gallery-item,.elementor-image-gallery .gallery.gallery-columns-10 .gallery-item{max-width:100%}}<\/style>\t\t<div class=\"elementor-image-gallery\">\n\t\t\t<div id='gallery-1' class='gallery galleryid-549 gallery-columns-3 gallery-size-full'><figure class='gallery-item'>\n\t\t\t<div class='gallery-icon landscape'>\n\t\t\t\t<a data-elementor-open-lightbox=\"yes\" data-elementor-lightbox-slideshow=\"19d5b9c\" data-elementor-lightbox-title=\"U-DEP-SATELITE-1\" data-e-action-hash=\"#elementor-action%3Aaction%3Dlightbox%26settings%3DeyJpZCI6NTUyLCJ1cmwiOiJodHRwOlwvXC9kZWdsb2JlLmNvbS5teFwvd3AtY29udGVudFwvdXBsb2Fkc1wvMjAyMlwvMDNcL1UtREVQLVNBVEVMSVRFLTEuanBnIiwic2xpZGVzaG93IjoiMTlkNWI5YyJ9\" href='http:\/\/deglobe.com.mx\/wp-content\/uploads\/2022\/03\/U-DEP-SATELITE-1.jpg'><img loading=\"lazy\" decoding=\"async\" width=\"1440\" height=\"900\" src=\"http:\/\/deglobe.com.mx\/wp-content\/uploads\/2022\/03\/U-DEP-SATELITE-1.jpg\" class=\"attachment-full size-full\" alt=\"\" srcset=\"http:\/\/deglobe.com.mx\/wp-content\/uploads\/2022\/03\/U-DEP-SATELITE-1.jpg 1440w, http:\/\/deglobe.com.mx\/wp-content\/uploads\/2022\/03\/U-DEP-SATELITE-1-300x188.jpg 300w, http:\/\/deglobe.com.mx\/wp-content\/uploads\/2022\/03\/U-DEP-SATELITE-1-1024x640.jpg 1024w, http:\/\/deglobe.com.mx\/wp-content\/uploads\/2022\/03\/U-DEP-SATELITE-1-768x480.jpg 768w\" sizes=\"auto, (max-width: 1440px) 100vw, 1440px\" \/><\/a>\n\t\t\t<\/div><\/figure><figure class='gallery-item'>\n\t\t\t<div class='gallery-icon landscape'>\n\t\t\t\t<a data-elementor-open-lightbox=\"yes\" data-elementor-lightbox-slideshow=\"19d5b9c\" data-elementor-lightbox-title=\"U-DEP-SATELITE-2\" data-e-action-hash=\"#elementor-action%3Aaction%3Dlightbox%26settings%3DeyJpZCI6NTUzLCJ1cmwiOiJodHRwOlwvXC9kZWdsb2JlLmNvbS5teFwvd3AtY29udGVudFwvdXBsb2Fkc1wvMjAyMlwvMDNcL1UtREVQLVNBVEVMSVRFLTIuanBnIiwic2xpZGVzaG93IjoiMTlkNWI5YyJ9\" href='http:\/\/deglobe.com.mx\/wp-content\/uploads\/2022\/03\/U-DEP-SATELITE-2.jpg'><img loading=\"lazy\" decoding=\"async\" width=\"1440\" height=\"900\" src=\"http:\/\/deglobe.com.mx\/wp-content\/uploads\/2022\/03\/U-DEP-SATELITE-2.jpg\" class=\"attachment-full size-full\" alt=\"\" srcset=\"http:\/\/deglobe.com.mx\/wp-content\/uploads\/2022\/03\/U-DEP-SATELITE-2.jpg 1440w, http:\/\/deglobe.com.mx\/wp-content\/uploads\/2022\/03\/U-DEP-SATELITE-2-300x188.jpg 300w, http:\/\/deglobe.com.mx\/wp-content\/uploads\/2022\/03\/U-DEP-SATELITE-2-1024x640.jpg 1024w, http:\/\/deglobe.com.mx\/wp-content\/uploads\/2022\/03\/U-DEP-SATELITE-2-768x480.jpg 768w\" sizes=\"auto, (max-width: 1440px) 100vw, 1440px\" \/><\/a>\n\t\t\t<\/div><\/figure><figure class='gallery-item'>\n\t\t\t<div class='gallery-icon landscape'>\n\t\t\t\t<a data-elementor-open-lightbox=\"yes\" data-elementor-lightbox-slideshow=\"19d5b9c\" data-elementor-lightbox-title=\"U-DEP-SATELITE-3\" data-e-action-hash=\"#elementor-action%3Aaction%3Dlightbox%26settings%3DeyJpZCI6NTU0LCJ1cmwiOiJodHRwOlwvXC9kZWdsb2JlLmNvbS5teFwvd3AtY29udGVudFwvdXBsb2Fkc1wvMjAyMlwvMDNcL1UtREVQLVNBVEVMSVRFLTMuanBnIiwic2xpZGVzaG93IjoiMTlkNWI5YyJ9\" href='http:\/\/deglobe.com.mx\/wp-content\/uploads\/2022\/03\/U-DEP-SATELITE-3.jpg'><img loading=\"lazy\" decoding=\"async\" width=\"1440\" height=\"900\" src=\"http:\/\/deglobe.com.mx\/wp-content\/uploads\/2022\/03\/U-DEP-SATELITE-3.jpg\" class=\"attachment-full size-full\" alt=\"\" srcset=\"http:\/\/deglobe.com.mx\/wp-content\/uploads\/2022\/03\/U-DEP-SATELITE-3.jpg 1440w, http:\/\/deglobe.com.mx\/wp-content\/uploads\/2022\/03\/U-DEP-SATELITE-3-300x188.jpg 300w, http:\/\/deglobe.com.mx\/wp-content\/uploads\/2022\/03\/U-DEP-SATELITE-3-1024x640.jpg 1024w, http:\/\/deglobe.com.mx\/wp-content\/uploads\/2022\/03\/U-DEP-SATELITE-3-768x480.jpg 768w\" sizes=\"auto, (max-width: 1440px) 100vw, 1440px\" \/><\/a>\n\t\t\t<\/div><\/figure><figure class='gallery-item'>\n\t\t\t<div class='gallery-icon landscape'>\n\t\t\t\t<a data-elementor-open-lightbox=\"yes\" data-elementor-lightbox-slideshow=\"19d5b9c\" data-elementor-lightbox-title=\"U-DEP-SATELITE-4\" data-e-action-hash=\"#elementor-action%3Aaction%3Dlightbox%26settings%3DeyJpZCI6NTU1LCJ1cmwiOiJodHRwOlwvXC9kZWdsb2JlLmNvbS5teFwvd3AtY29udGVudFwvdXBsb2Fkc1wvMjAyMlwvMDNcL1UtREVQLVNBVEVMSVRFLTQuanBnIiwic2xpZGVzaG93IjoiMTlkNWI5YyJ9\" href='http:\/\/deglobe.com.mx\/wp-content\/uploads\/2022\/03\/U-DEP-SATELITE-4.jpg'><img loading=\"lazy\" decoding=\"async\" width=\"1440\" height=\"900\" src=\"http:\/\/deglobe.com.mx\/wp-content\/uploads\/2022\/03\/U-DEP-SATELITE-4.jpg\" class=\"attachment-full size-full\" alt=\"\" srcset=\"http:\/\/deglobe.com.mx\/wp-content\/uploads\/2022\/03\/U-DEP-SATELITE-4.jpg 1440w, http:\/\/deglobe.com.mx\/wp-content\/uploads\/2022\/03\/U-DEP-SATELITE-4-300x188.jpg 300w, http:\/\/deglobe.com.mx\/wp-content\/uploads\/2022\/03\/U-DEP-SATELITE-4-1024x640.jpg 1024w, http:\/\/deglobe.com.mx\/wp-content\/uploads\/2022\/03\/U-DEP-SATELITE-4-768x480.jpg 768w\" sizes=\"auto, (max-width: 1440px) 100vw, 1440px\" \/><\/a>\n\t\t\t<\/div><\/figure><figure class='gallery-item'>\n\t\t\t<div class='gallery-icon landscape'>\n\t\t\t\t<a data-elementor-open-lightbox=\"yes\" data-elementor-lightbox-slideshow=\"19d5b9c\" data-elementor-lightbox-title=\"U-DEP-SATELITE-5\" data-e-action-hash=\"#elementor-action%3Aaction%3Dlightbox%26settings%3DeyJpZCI6NTU2LCJ1cmwiOiJodHRwOlwvXC9kZWdsb2JlLmNvbS5teFwvd3AtY29udGVudFwvdXBsb2Fkc1wvMjAyMlwvMDNcL1UtREVQLVNBVEVMSVRFLTUuanBnIiwic2xpZGVzaG93IjoiMTlkNWI5YyJ9\" href='http:\/\/deglobe.com.mx\/wp-content\/uploads\/2022\/03\/U-DEP-SATELITE-5.jpg'><img loading=\"lazy\" decoding=\"async\" width=\"1440\" height=\"900\" src=\"http:\/\/deglobe.com.mx\/wp-content\/uploads\/2022\/03\/U-DEP-SATELITE-5.jpg\" class=\"attachment-full size-full\" alt=\"\" srcset=\"http:\/\/deglobe.com.mx\/wp-content\/uploads\/2022\/03\/U-DEP-SATELITE-5.jpg 1440w, http:\/\/deglobe.com.mx\/wp-content\/uploads\/2022\/03\/U-DEP-SATELITE-5-300x188.jpg 300w, http:\/\/deglobe.com.mx\/wp-content\/uploads\/2022\/03\/U-DEP-SATELITE-5-1024x640.jpg 1024w, http:\/\/deglobe.com.mx\/wp-content\/uploads\/2022\/03\/U-DEP-SATELITE-5-768x480.jpg 768w\" sizes=\"auto, (max-width: 1440px) 100vw, 1440px\" \/><\/a>\n\t\t\t<\/div><\/figure><figure class='gallery-item'>\n\t\t\t<div class='gallery-icon landscape'>\n\t\t\t\t<a data-elementor-open-lightbox=\"yes\" data-elementor-lightbox-slideshow=\"19d5b9c\" data-elementor-lightbox-title=\"U-DEP-SATELITE-6\" data-e-action-hash=\"#elementor-action%3Aaction%3Dlightbox%26settings%3DeyJpZCI6NTU3LCJ1cmwiOiJodHRwOlwvXC9kZWdsb2JlLmNvbS5teFwvd3AtY29udGVudFwvdXBsb2Fkc1wvMjAyMlwvMDNcL1UtREVQLVNBVEVMSVRFLTYuanBnIiwic2xpZGVzaG93IjoiMTlkNWI5YyJ9\" href='http:\/\/deglobe.com.mx\/wp-content\/uploads\/2022\/03\/U-DEP-SATELITE-6.jpg'><img loading=\"lazy\" decoding=\"async\" width=\"1440\" height=\"900\" src=\"http:\/\/deglobe.com.mx\/wp-content\/uploads\/2022\/03\/U-DEP-SATELITE-6.jpg\" class=\"attachment-full size-full\" alt=\"\" srcset=\"http:\/\/deglobe.com.mx\/wp-content\/uploads\/2022\/03\/U-DEP-SATELITE-6.jpg 1440w, http:\/\/deglobe.com.mx\/wp-content\/uploads\/2022\/03\/U-DEP-SATELITE-6-300x188.jpg 300w, http:\/\/deglobe.com.mx\/wp-content\/uploads\/2022\/03\/U-DEP-SATELITE-6-1024x640.jpg 1024w, http:\/\/deglobe.com.mx\/wp-content\/uploads\/2022\/03\/U-DEP-SATELITE-6-768x480.jpg 768w\" sizes=\"auto, (max-width: 1440px) 100vw, 1440px\" \/><\/a>\n\t\t\t<\/div><\/figure>\n\t\t<\/div>\n\t\t<\/div>\n\t\t\t\t<\/div>\n\t\t\t\t<\/div>\n\t\t\t\t\t<\/div>\n\t\t<\/div>\n\t\t\t\t\t\t\t<\/div>\n\t\t<\/section>\n\t\t\t\t\t\t\t<\/div>\n\t\t","protected":false},"excerpt":{"rendered":"<p>Unidad Deportiva Satelite, Cuernavaca, Morelos Rehabilitaci\u00f3n de cancha de f\u00fatbol con pasto sint\u00e9tico<\/p>\n","protected":false},"author":1,"featured_media":0,"parent":0,"menu_order":0,"comment_status":"closed","ping_status":"closed","template":"","meta":{"site-sidebar-layout":"no-sidebar","site-content-layout":"page-builder","ast-global-header-display":"","ast-main-header-display":"","ast-hfb-above-header-display":"","ast-hfb-below-header-display":"","ast-hfb-mobile-header-display":"","site-post-title":"disabled","ast-breadcrumbs-content":"","ast-featured-img":"disabled","footer-sml-layout":"","theme-transparent-header-meta":"","adv-header-id-meta":"","stick-header-meta":"","header-above-stick-meta":"","header-main-stick-meta":"","header-below-stick-meta":"","footnotes":""},"class_list":["post-549","page","type-page","status-publish","hentry"],"_links":{"self":[{"href":"http:\/\/deglobe.com.mx\/index.php\/wp-json\/wp\/v2\/pages\/549","targetHints":{"allow":["GET"]}}],"collection":[{"href":"http:\/\/deglobe.com.mx\/index.php\/wp-json\/wp\/v2\/pages"}],"about":[{"href":"http:\/\/deglobe.com.mx\/index.php\/wp-json\/wp\/v2\/types\/page"}],"author":[{"embeddable":true,"href":"http:\/\/deglobe.com.mx\/index.php\/wp-json\/wp\/v2\/users\/1"}],"replies":[{"embeddable":true,"href":"http:\/\/deglobe.com.mx\/index.php\/wp-json\/wp\/v2\/comments?post=549"}],"version-history":[{"count":7,"href":"http:\/\/deglobe.com.mx\/index.php\/wp-json\/wp\/v2\/pages\/549\/revisions"}],"predecessor-version":[{"id":571,"href":"http:\/\/deglobe.com.mx\/index.php\/wp-json\/wp\/v2\/pages\/549\/revisions\/571"}],"wp:attachment":[{"href":"http:\/\/deglobe.com.mx\/index.php\/wp-json\/wp\/v2\/media?parent=549"}],"curies":[{"name":"wp","href":"https:\/\/api.w.org\/{rel}","templated":true}]}}