{"id":33,"date":"2022-02-08T16:37:13","date_gmt":"2022-02-08T16:37:13","guid":{"rendered":"http:\/\/deglobe.com.mx\/?page_id=33"},"modified":"2022-03-11T00:46:54","modified_gmt":"2022-03-11T00:46:54","slug":"proyectos-destacados","status":"publish","type":"page","link":"http:\/\/deglobe.com.mx\/index.php\/proyectos-destacados\/","title":{"rendered":"Proyectos destacados"},"content":{"rendered":"\t\t<div data-elementor-type=\"wp-page\" data-elementor-id=\"33\" class=\"elementor elementor-33\">\n\t\t\t\t\t\t\t\t\t<section class=\"elementor-section elementor-top-section elementor-element elementor-element-b1c4ef6 elementor-section-full_width elementor-section-height-min-height elementor-section-height-default elementor-section-items-middle\" data-id=\"b1c4ef6\" data-element_type=\"section\">\n\t\t\t\t\t\t\t<div class=\"elementor-background-overlay\"><\/div>\n\t\t\t\t\t\t\t<div class=\"elementor-container elementor-column-gap-default\">\n\t\t\t\t\t<div class=\"elementor-column elementor-col-100 elementor-top-column elementor-element elementor-element-a7fb6ab\" data-id=\"a7fb6ab\" data-element_type=\"column\" data-settings=\"{&quot;background_background&quot;:&quot;classic&quot;}\">\n\t\t\t<div class=\"elementor-widget-wrap elementor-element-populated\">\n\t\t\t\t\t\t\t\t<div class=\"elementor-element elementor-element-c34f3fa elementor-vertical-align-middle elementor-position-top elementor-widget elementor-widget-image-box\" data-id=\"c34f3fa\" data-element_type=\"widget\" data-widget_type=\"image-box.default\">\n\t\t\t\t<div class=\"elementor-widget-container\">\n\t\t\t<style>\/*! elementor - v3.12.2 - 23-04-2023 *\/\n.elementor-widget-image-box .elementor-image-box-content{width:100%}@media (min-width:768px){.elementor-widget-image-box.elementor-position-left .elementor-image-box-wrapper,.elementor-widget-image-box.elementor-position-right .elementor-image-box-wrapper{display:flex}.elementor-widget-image-box.elementor-position-right .elementor-image-box-wrapper{text-align:right;flex-direction:row-reverse}.elementor-widget-image-box.elementor-position-left .elementor-image-box-wrapper{text-align:left;flex-direction:row}.elementor-widget-image-box.elementor-position-top .elementor-image-box-img{margin:auto}.elementor-widget-image-box.elementor-vertical-align-top .elementor-image-box-wrapper{align-items:flex-start}.elementor-widget-image-box.elementor-vertical-align-middle .elementor-image-box-wrapper{align-items:center}.elementor-widget-image-box.elementor-vertical-align-bottom .elementor-image-box-wrapper{align-items:flex-end}}@media (max-width:767px){.elementor-widget-image-box .elementor-image-box-img{margin-left:auto!important;margin-right:auto!important;margin-bottom:15px}}.elementor-widget-image-box .elementor-image-box-img{display:inline-block}.elementor-widget-image-box .elementor-image-box-title a{color:inherit}.elementor-widget-image-box .elementor-image-box-wrapper{text-align:center}.elementor-widget-image-box .elementor-image-box-description{margin:0}<\/style><div class=\"elementor-image-box-wrapper\"><figure class=\"elementor-image-box-img\"><a href=\"http:\/\/deglobe.com.mx\/index.php\/presa-ejido-tetela-tetela-del-volcan\/\"><img loading=\"lazy\" decoding=\"async\" width=\"1440\" height=\"900\" src=\"http:\/\/deglobe.com.mx\/wp-content\/uploads\/2022\/03\/B-EJIDO-TETELA-6.jpg\" class=\"attachment-full size-full wp-image-486\" alt=\"\" srcset=\"http:\/\/deglobe.com.mx\/wp-content\/uploads\/2022\/03\/B-EJIDO-TETELA-6.jpg 1440w, http:\/\/deglobe.com.mx\/wp-content\/uploads\/2022\/03\/B-EJIDO-TETELA-6-300x188.jpg 300w, http:\/\/deglobe.com.mx\/wp-content\/uploads\/2022\/03\/B-EJIDO-TETELA-6-1024x640.jpg 1024w, http:\/\/deglobe.com.mx\/wp-content\/uploads\/2022\/03\/B-EJIDO-TETELA-6-768x480.jpg 768w\" sizes=\"auto, (max-width: 1440px) 100vw, 1440px\" \/><\/a><\/figure><div class=\"elementor-image-box-content\"><h3 class=\"elementor-image-box-title\"><a href=\"http:\/\/deglobe.com.mx\/index.php\/presa-ejido-tetela-tetela-del-volcan\/\">Bordo en Campo Ejido Tetela, Tetela del Volcan, Morelos<\/a><\/h3><p class=\"elementor-image-box-description\">Construcci\u00f3n de presa o bordo de tierra revestido con concreto<\/p><\/div><\/div>\t\t<\/div>\n\t\t\t\t<\/div>\n\t\t\t\t\t<\/div>\n\t\t<\/div>\n\t\t\t\t\t\t\t<\/div>\n\t\t<\/section>\n\t\t\t\t<section class=\"elementor-section elementor-top-section elementor-element elementor-element-b30e5ef elementor-section-full_width elementor-section-height-min-height elementor-section-height-default elementor-section-items-middle\" data-id=\"b30e5ef\" data-element_type=\"section\">\n\t\t\t\t\t\t\t<div class=\"elementor-background-overlay\"><\/div>\n\t\t\t\t\t\t\t<div class=\"elementor-container elementor-column-gap-default\">\n\t\t\t\t\t<div class=\"elementor-column elementor-col-100 elementor-top-column elementor-element elementor-element-af082da\" data-id=\"af082da\" data-element_type=\"column\">\n\t\t\t<div class=\"elementor-widget-wrap elementor-element-populated\">\n\t\t\t\t\t\t\t\t<div class=\"elementor-element elementor-element-673c42f elementor-position-top elementor-vertical-align-top elementor-widget elementor-widget-image-box\" data-id=\"673c42f\" data-element_type=\"widget\" data-widget_type=\"image-box.default\">\n\t\t\t\t<div class=\"elementor-widget-container\">\n\t\t\t<div class=\"elementor-image-box-wrapper\"><figure class=\"elementor-image-box-img\"><a href=\"http:\/\/deglobe.com.mx\/index.php\/bordo-tlalamayocan\/\"><img loading=\"lazy\" decoding=\"async\" width=\"1440\" height=\"900\" src=\"http:\/\/deglobe.com.mx\/wp-content\/uploads\/2022\/03\/B-EJIDO-TETELA-2.jpg\" class=\"attachment-full size-full wp-image-310\" alt=\"\" srcset=\"http:\/\/deglobe.com.mx\/wp-content\/uploads\/2022\/03\/B-EJIDO-TETELA-2.jpg 1440w, http:\/\/deglobe.com.mx\/wp-content\/uploads\/2022\/03\/B-EJIDO-TETELA-2-300x188.jpg 300w, http:\/\/deglobe.com.mx\/wp-content\/uploads\/2022\/03\/B-EJIDO-TETELA-2-1024x640.jpg 1024w, http:\/\/deglobe.com.mx\/wp-content\/uploads\/2022\/03\/B-EJIDO-TETELA-2-768x480.jpg 768w\" sizes=\"auto, (max-width: 1440px) 100vw, 1440px\" \/><\/a><\/figure><div class=\"elementor-image-box-content\"><h3 class=\"elementor-image-box-title\"><a href=\"http:\/\/deglobe.com.mx\/index.php\/bordo-tlalamayocan\/\">Bordo en Tlalamayocan, Tetela del Volcan, Morelos<\/a><\/h3><p class=\"elementor-image-box-description\">Construcci\u00f3n de presa o bordo de tierra revestido con concreto<\/p><\/div><\/div>\t\t<\/div>\n\t\t\t\t<\/div>\n\t\t\t\t\t<\/div>\n\t\t<\/div>\n\t\t\t\t\t\t\t<\/div>\n\t\t<\/section>\n\t\t\t\t<section class=\"elementor-section elementor-top-section elementor-element elementor-element-3249d2b elementor-section-full_width elementor-section-height-min-height elementor-section-height-default elementor-section-items-middle\" data-id=\"3249d2b\" data-element_type=\"section\">\n\t\t\t\t\t\t\t<div class=\"elementor-background-overlay\"><\/div>\n\t\t\t\t\t\t\t<div class=\"elementor-container elementor-column-gap-default\">\n\t\t\t\t\t<div class=\"elementor-column elementor-col-100 elementor-top-column elementor-element elementor-element-1ebebcc\" data-id=\"1ebebcc\" data-element_type=\"column\">\n\t\t\t<div class=\"elementor-widget-wrap elementor-element-populated\">\n\t\t\t\t\t\t\t\t<div class=\"elementor-element elementor-element-4a9180c elementor-position-top elementor-vertical-align-top elementor-widget elementor-widget-image-box\" data-id=\"4a9180c\" data-element_type=\"widget\" data-widget_type=\"image-box.default\">\n\t\t\t\t<div class=\"elementor-widget-container\">\n\t\t\t<div class=\"elementor-image-box-wrapper\"><figure class=\"elementor-image-box-img\"><a href=\"http:\/\/deglobe.com.mx\/index.php\/bordo-quesera-yecapixtla\/\"><img loading=\"lazy\" decoding=\"async\" width=\"1440\" height=\"900\" src=\"http:\/\/deglobe.com.mx\/wp-content\/uploads\/2022\/03\/B-QUESERIA-2.jpg\" class=\"attachment-full size-full wp-image-337\" alt=\"\" srcset=\"http:\/\/deglobe.com.mx\/wp-content\/uploads\/2022\/03\/B-QUESERIA-2.jpg 1440w, http:\/\/deglobe.com.mx\/wp-content\/uploads\/2022\/03\/B-QUESERIA-2-300x188.jpg 300w, http:\/\/deglobe.com.mx\/wp-content\/uploads\/2022\/03\/B-QUESERIA-2-1024x640.jpg 1024w, http:\/\/deglobe.com.mx\/wp-content\/uploads\/2022\/03\/B-QUESERIA-2-768x480.jpg 768w\" sizes=\"auto, (max-width: 1440px) 100vw, 1440px\" \/><\/a><\/figure><div class=\"elementor-image-box-content\"><h3 class=\"elementor-image-box-title\"><a href=\"http:\/\/deglobe.com.mx\/index.php\/bordo-quesera-yecapixtla\/\">Bordo en Campo Quesera, Huexca, Yecapixtla, Morelos<\/a><\/h3><p class=\"elementor-image-box-description\">Construcci\u00f3n de presa o bordo de tierra revestido con concreto<\/p><\/div><\/div>\t\t<\/div>\n\t\t\t\t<\/div>\n\t\t\t\t\t<\/div>\n\t\t<\/div>\n\t\t\t\t\t\t\t<\/div>\n\t\t<\/section>\n\t\t\t\t<section class=\"elementor-section elementor-top-section elementor-element elementor-element-fcebc9f elementor-section-full_width elementor-section-height-min-height elementor-section-height-default elementor-section-items-middle\" data-id=\"fcebc9f\" data-element_type=\"section\">\n\t\t\t\t\t\t\t<div class=\"elementor-background-overlay\"><\/div>\n\t\t\t\t\t\t\t<div class=\"elementor-container elementor-column-gap-default\">\n\t\t\t\t\t<div class=\"elementor-column elementor-col-100 elementor-top-column elementor-element elementor-element-ce4baac\" data-id=\"ce4baac\" data-element_type=\"column\">\n\t\t\t<div class=\"elementor-widget-wrap elementor-element-populated\">\n\t\t\t\t\t\t\t\t<div class=\"elementor-element elementor-element-d19603c elementor-position-top elementor-vertical-align-top elementor-widget elementor-widget-image-box\" data-id=\"d19603c\" data-element_type=\"widget\" data-widget_type=\"image-box.default\">\n\t\t\t\t<div class=\"elementor-widget-container\">\n\t\t\t<div class=\"elementor-image-box-wrapper\"><figure class=\"elementor-image-box-img\"><a href=\"http:\/\/deglobe.com.mx\/index.php\/calle-netzahualcoyotl-cuernavaca\/\"><img loading=\"lazy\" decoding=\"async\" width=\"1440\" height=\"900\" src=\"http:\/\/deglobe.com.mx\/wp-content\/uploads\/2022\/03\/2009-C-NETZA-CUERNA4.jpg\" class=\"attachment-full size-full wp-image-228\" alt=\"\" srcset=\"http:\/\/deglobe.com.mx\/wp-content\/uploads\/2022\/03\/2009-C-NETZA-CUERNA4.jpg 1440w, http:\/\/deglobe.com.mx\/wp-content\/uploads\/2022\/03\/2009-C-NETZA-CUERNA4-300x188.jpg 300w, http:\/\/deglobe.com.mx\/wp-content\/uploads\/2022\/03\/2009-C-NETZA-CUERNA4-1024x640.jpg 1024w, http:\/\/deglobe.com.mx\/wp-content\/uploads\/2022\/03\/2009-C-NETZA-CUERNA4-768x480.jpg 768w\" sizes=\"auto, (max-width: 1440px) 100vw, 1440px\" \/><\/a><\/figure><div class=\"elementor-image-box-content\"><h3 class=\"elementor-image-box-title\"><a href=\"http:\/\/deglobe.com.mx\/index.php\/calle-netzahualcoyotl-cuernavaca\/\">Calle Netzahualc\u00f3yotl, Cuernavaca, Morelos<\/a><\/h3><p class=\"elementor-image-box-description\">Rehabilitaci\u00f3n de pavimento, banquetas y pintura<\/p><\/div><\/div>\t\t<\/div>\n\t\t\t\t<\/div>\n\t\t\t\t\t<\/div>\n\t\t<\/div>\n\t\t\t\t\t\t\t<\/div>\n\t\t<\/section>\n\t\t\t\t<section class=\"elementor-section elementor-top-section elementor-element elementor-element-3637c28 elementor-section-full_width elementor-section-height-min-height elementor-section-height-default elementor-section-items-middle\" data-id=\"3637c28\" data-element_type=\"section\">\n\t\t\t\t\t\t\t<div class=\"elementor-background-overlay\"><\/div>\n\t\t\t\t\t\t\t<div class=\"elementor-container elementor-column-gap-default\">\n\t\t\t\t\t<div class=\"elementor-column elementor-col-100 elementor-top-column elementor-element elementor-element-8115c53\" data-id=\"8115c53\" data-element_type=\"column\">\n\t\t\t<div class=\"elementor-widget-wrap elementor-element-populated\">\n\t\t\t\t\t\t\t\t<div class=\"elementor-element elementor-element-90231c4 elementor-position-top elementor-vertical-align-top elementor-widget elementor-widget-image-box\" data-id=\"90231c4\" data-element_type=\"widget\" data-widget_type=\"image-box.default\">\n\t\t\t\t<div class=\"elementor-widget-container\">\n\t\t\t<div class=\"elementor-image-box-wrapper\"><figure class=\"elementor-image-box-img\"><a href=\"http:\/\/deglobe.com.mx\/index.php\/unidad-deportiva-satelite\/\"><img loading=\"lazy\" decoding=\"async\" width=\"1440\" height=\"900\" src=\"http:\/\/deglobe.com.mx\/wp-content\/uploads\/2022\/03\/U-DEP-SATELITE-6.jpg\" class=\"attachment-full size-full wp-image-557\" alt=\"\" srcset=\"http:\/\/deglobe.com.mx\/wp-content\/uploads\/2022\/03\/U-DEP-SATELITE-6.jpg 1440w, http:\/\/deglobe.com.mx\/wp-content\/uploads\/2022\/03\/U-DEP-SATELITE-6-300x188.jpg 300w, http:\/\/deglobe.com.mx\/wp-content\/uploads\/2022\/03\/U-DEP-SATELITE-6-1024x640.jpg 1024w, http:\/\/deglobe.com.mx\/wp-content\/uploads\/2022\/03\/U-DEP-SATELITE-6-768x480.jpg 768w\" sizes=\"auto, (max-width: 1440px) 100vw, 1440px\" \/><\/a><\/figure><div class=\"elementor-image-box-content\"><h3 class=\"elementor-image-box-title\"><a href=\"http:\/\/deglobe.com.mx\/index.php\/unidad-deportiva-satelite\/\">Unidad Deportiva Satelite, Cuernavaca, Morelos<\/a><\/h3><p class=\"elementor-image-box-description\">Rehabilitaci\u00f3n de cancha de futbol con pasto sint\u00e9tico<\/p><\/div><\/div>\t\t<\/div>\n\t\t\t\t<\/div>\n\t\t\t\t\t<\/div>\n\t\t<\/div>\n\t\t\t\t\t\t\t<\/div>\n\t\t<\/section>\n\t\t\t\t<section class=\"elementor-section elementor-top-section elementor-element elementor-element-9ef3f01 elementor-section-full_width elementor-section-height-min-height elementor-section-height-default elementor-section-items-middle\" data-id=\"9ef3f01\" data-element_type=\"section\">\n\t\t\t\t\t\t\t<div class=\"elementor-background-overlay\"><\/div>\n\t\t\t\t\t\t\t<div class=\"elementor-container elementor-column-gap-default\">\n\t\t\t\t\t<div class=\"elementor-column elementor-col-100 elementor-top-column elementor-element elementor-element-38d9a62\" data-id=\"38d9a62\" data-element_type=\"column\">\n\t\t\t<div class=\"elementor-widget-wrap elementor-element-populated\">\n\t\t\t\t\t\t\t\t<div class=\"elementor-element elementor-element-368a212 elementor-position-top elementor-vertical-align-top elementor-widget elementor-widget-image-box\" data-id=\"368a212\" data-element_type=\"widget\" data-widget_type=\"image-box.default\">\n\t\t\t\t<div class=\"elementor-widget-container\">\n\t\t\t<div class=\"elementor-image-box-wrapper\"><figure class=\"elementor-image-box-img\"><a href=\"http:\/\/deglobe.com.mx\/index.php\/albergue-cuernavaca\/\"><img loading=\"lazy\" decoding=\"async\" width=\"1440\" height=\"900\" src=\"http:\/\/deglobe.com.mx\/wp-content\/uploads\/2022\/03\/ALBERGUE-11.jpg\" class=\"attachment-full size-full wp-image-435\" alt=\"\" srcset=\"http:\/\/deglobe.com.mx\/wp-content\/uploads\/2022\/03\/ALBERGUE-11.jpg 1440w, http:\/\/deglobe.com.mx\/wp-content\/uploads\/2022\/03\/ALBERGUE-11-300x188.jpg 300w, http:\/\/deglobe.com.mx\/wp-content\/uploads\/2022\/03\/ALBERGUE-11-1024x640.jpg 1024w, http:\/\/deglobe.com.mx\/wp-content\/uploads\/2022\/03\/ALBERGUE-11-768x480.jpg 768w\" sizes=\"auto, (max-width: 1440px) 100vw, 1440px\" \/><\/a><\/figure><div class=\"elementor-image-box-content\"><h3 class=\"elementor-image-box-title\"><a href=\"http:\/\/deglobe.com.mx\/index.php\/albergue-cuernavaca\/\">Albergue, Cuernavaca, Morelos<\/a><\/h3><p class=\"elementor-image-box-description\">Construcci\u00f3n de edificio y estacionamiento, con estructuras de concreto y de acero<\/p><\/div><\/div>\t\t<\/div>\n\t\t\t\t<\/div>\n\t\t\t\t\t<\/div>\n\t\t<\/div>\n\t\t\t\t\t\t\t<\/div>\n\t\t<\/section>\n\t\t\t\t<section class=\"elementor-section elementor-top-section elementor-element elementor-element-f1e1b43 elementor-section-full_width elementor-section-height-min-height elementor-section-height-default elementor-section-items-middle\" data-id=\"f1e1b43\" data-element_type=\"section\">\n\t\t\t\t\t\t\t<div class=\"elementor-background-overlay\"><\/div>\n\t\t\t\t\t\t\t<div class=\"elementor-container elementor-column-gap-default\">\n\t\t\t\t\t<div class=\"elementor-column elementor-col-100 elementor-top-column elementor-element elementor-element-1b8d44a\" data-id=\"1b8d44a\" data-element_type=\"column\">\n\t\t\t<div class=\"elementor-widget-wrap elementor-element-populated\">\n\t\t\t\t\t\t\t\t<div class=\"elementor-element elementor-element-64ca6f1 elementor-position-top elementor-vertical-align-top elementor-widget elementor-widget-image-box\" data-id=\"64ca6f1\" data-element_type=\"widget\" data-widget_type=\"image-box.default\">\n\t\t\t\t<div class=\"elementor-widget-container\">\n\t\t\t<div class=\"elementor-image-box-wrapper\"><figure class=\"elementor-image-box-img\"><a href=\"http:\/\/deglobe.com.mx\/index.php\/plazuela-del-zacate-cuernavaca\/\"><img loading=\"lazy\" decoding=\"async\" width=\"1440\" height=\"900\" src=\"http:\/\/deglobe.com.mx\/wp-content\/uploads\/2022\/03\/PLAZUELA-ZACATE-CUERNA-3.jpg\" class=\"attachment-full size-full wp-image-240\" alt=\"\" srcset=\"http:\/\/deglobe.com.mx\/wp-content\/uploads\/2022\/03\/PLAZUELA-ZACATE-CUERNA-3.jpg 1440w, http:\/\/deglobe.com.mx\/wp-content\/uploads\/2022\/03\/PLAZUELA-ZACATE-CUERNA-3-300x188.jpg 300w, http:\/\/deglobe.com.mx\/wp-content\/uploads\/2022\/03\/PLAZUELA-ZACATE-CUERNA-3-1024x640.jpg 1024w, http:\/\/deglobe.com.mx\/wp-content\/uploads\/2022\/03\/PLAZUELA-ZACATE-CUERNA-3-768x480.jpg 768w\" sizes=\"auto, (max-width: 1440px) 100vw, 1440px\" \/><\/a><\/figure><div class=\"elementor-image-box-content\"><h3 class=\"elementor-image-box-title\"><a href=\"http:\/\/deglobe.com.mx\/index.php\/plazuela-del-zacate-cuernavaca\/\">Plazuela del Zacate, Cuernavaca, Morelos<\/a><\/h3><p class=\"elementor-image-box-description\">Rehabilitaci\u00f3n de pavimento, banquetas y pintura<\/p><\/div><\/div>\t\t<\/div>\n\t\t\t\t<\/div>\n\t\t\t\t\t<\/div>\n\t\t<\/div>\n\t\t\t\t\t\t\t<\/div>\n\t\t<\/section>\n\t\t\t\t\t\t\t<\/div>\n\t\t","protected":false},"excerpt":{"rendered":"<p>Bordo en Campo Ejido Tetela, Tetela del Volcan, Morelos Construcci\u00f3n de presa o bordo de tierra revestido con concreto Bordo en Tlalamayocan, Tetela del Volcan, Morelos Construcci\u00f3n de presa o bordo de tierra revestido con concreto Bordo en Campo Quesera, Huexca, Yecapixtla, Morelos Construcci\u00f3n de presa o bordo de tierra revestido con concreto Calle Netzahualc\u00f3yotl, &hellip;<\/p>\n<p class=\"read-more\"> <a class=\"\" href=\"http:\/\/deglobe.com.mx\/index.php\/proyectos-destacados\/\"> <span class=\"screen-reader-text\">Proyectos destacados<\/span> Leer m\u00e1s &raquo;<\/a><\/p>\n","protected":false},"author":1,"featured_media":0,"parent":0,"menu_order":0,"comment_status":"closed","ping_status":"closed","template":"","meta":{"site-sidebar-layout":"no-sidebar","site-content-layout":"page-builder","ast-global-header-display":"","ast-main-header-display":"","ast-hfb-above-header-display":"","ast-hfb-below-header-display":"","ast-hfb-mobile-header-display":"","site-post-title":"disabled","ast-breadcrumbs-content":"","ast-featured-img":"disabled","footer-sml-layout":"","theme-transparent-header-meta":"","adv-header-id-meta":"","stick-header-meta":"","header-above-stick-meta":"","header-main-stick-meta":"","header-below-stick-meta":"","footnotes":""},"class_list":["post-33","page","type-page","status-publish","hentry"],"_links":{"self":[{"href":"http:\/\/deglobe.com.mx\/index.php\/wp-json\/wp\/v2\/pages\/33","targetHints":{"allow":["GET"]}}],"collection":[{"href":"http:\/\/deglobe.com.mx\/index.php\/wp-json\/wp\/v2\/pages"}],"about":[{"href":"http:\/\/deglobe.com.mx\/index.php\/wp-json\/wp\/v2\/types\/page"}],"author":[{"embeddable":true,"href":"http:\/\/deglobe.com.mx\/index.php\/wp-json\/wp\/v2\/users\/1"}],"replies":[{"embeddable":true,"href":"http:\/\/deglobe.com.mx\/index.php\/wp-json\/wp\/v2\/comments?post=33"}],"version-history":[{"count":68,"href":"http:\/\/deglobe.com.mx\/index.php\/wp-json\/wp\/v2\/pages\/33\/revisions"}],"predecessor-version":[{"id":568,"href":"http:\/\/deglobe.com.mx\/index.php\/wp-json\/wp\/v2\/pages\/33\/revisions\/568"}],"wp:attachment":[{"href":"http:\/\/deglobe.com.mx\/index.php\/wp-json\/wp\/v2\/media?parent=33"}],"curies":[{"name":"wp","href":"https:\/\/api.w.org\/{rel}","templated":true}]}}